{"id":19,"date":"2025-06-13T11:30:25","date_gmt":"2025-06-13T11:30:25","guid":{"rendered":"https:\/\/dulcesaxa.rkinformatika.online\/?page_id=19"},"modified":"2025-06-23T10:21:32","modified_gmt":"2025-06-23T10:21:32","slug":"inicio","status":"publish","type":"page","link":"https:\/\/dulcesaxa.com\/eu\/","title":{"rendered":"Hasiera"},"content":{"rendered":"\t\t<div data-elementor-type=\"wp-page\" data-elementor-id=\"19\" class=\"elementor elementor-19\" data-elementor-post-type=\"page\">\n\t\t\t\t\t\t<section class=\"elementor-section elementor-top-section elementor-element elementor-element-3dc4b6e elementor-section-full_width elementor-section-height-default elementor-section-height-default\" data-id=\"3dc4b6e\" data-element_type=\"section\" data-e-type=\"section\" data-settings=\"{&quot;background_background&quot;:&quot;classic&quot;,&quot;background_motion_fx_motion_fx_scrolling&quot;:&quot;yes&quot;,&quot;background_motion_fx_devices&quot;:[&quot;desktop&quot;,&quot;tablet&quot;,&quot;mobile&quot;]}\">\n\t\t\t\t\t\t\t<div class=\"elementor-background-overlay\"><\/div>\n\t\t\t\t\t\t\t<div class=\"elementor-container elementor-column-gap-default\">\n\t\t\t\t\t<div class=\"elementor-column elementor-col-100 elementor-top-column elementor-element elementor-element-8fa89aa\" data-id=\"8fa89aa\" data-element_type=\"column\" data-e-type=\"column\">\n\t\t\t<div class=\"elementor-widget-wrap elementor-element-populated\">\n\t\t\t\t\t\t<div class=\"elementor-element elementor-element-8cab007 elementor-invisible elementor-widget elementor-widget-heading\" data-id=\"8cab007\" data-element_type=\"widget\" data-e-type=\"widget\" data-settings=\"{&quot;_animation&quot;:&quot;fadeIn&quot;}\" data-widget_type=\"heading.default\">\n\t\t\t\t<div class=\"elementor-widget-container\">\n\t\t\t\t\t<h1 class=\"elementor-heading-title elementor-size-default\">Dulce SaXa<\/h1>\t\t\t\t<\/div>\n\t\t\t\t<\/div>\n\t\t\t\t<section class=\"elementor-section elementor-inner-section elementor-element elementor-element-4f27f09 elementor-section-boxed elementor-section-height-default elementor-section-height-default\" data-id=\"4f27f09\" data-element_type=\"section\" data-e-type=\"section\">\n\t\t\t\t\t\t<div class=\"elementor-container elementor-column-gap-default\">\n\t\t\t\t\t<div class=\"elementor-column elementor-col-100 elementor-inner-column elementor-element elementor-element-3b427df\" data-id=\"3b427df\" data-element_type=\"column\" data-e-type=\"column\">\n\t\t\t<div class=\"elementor-widget-wrap elementor-element-populated\">\n\t\t\t\t\t\t<div class=\"elementor-element elementor-element-2b326ab elementor-invisible elementor-widget elementor-widget-text-editor\" data-id=\"2b326ab\" data-element_type=\"widget\" data-e-type=\"widget\" data-settings=\"{&quot;_animation&quot;:&quot;fadeIn&quot;}\" data-widget_type=\"text-editor.default\">\n\t\t\t\t<div class=\"elementor-widget-container\">\n\t\t\t\t\t\t\t\t\t<p>amabilidad, calidad y profesionalidad<\/p>\t\t\t\t\t\t\t\t<\/div>\n\t\t\t\t<\/div>\n\t\t\t\t\t<\/div>\n\t\t<\/div>\n\t\t\t\t\t<\/div>\n\t\t<\/section>\n\t\t\t\t\t<\/div>\n\t\t<\/div>\n\t\t\t\t\t<\/div>\n\t\t<\/section>\n\t\t<div class=\"elementor-element elementor-element-69d7974 e-flex e-con-boxed e-con e-parent\" data-id=\"69d7974\" data-element_type=\"container\" data-e-type=\"container\">\n\t\t\t\t\t<div class=\"e-con-inner\">\n\t\t<div class=\"elementor-element elementor-element-578e903 e-con-full e-flex e-con e-child\" data-id=\"578e903\" data-element_type=\"container\" data-e-type=\"container\">\n\t\t\t\t<div class=\"elementor-element elementor-element-18e2429 elementor-invisible elementor-widget elementor-widget-heading\" data-id=\"18e2429\" data-element_type=\"widget\" data-e-type=\"widget\" data-settings=\"{&quot;_animation&quot;:&quot;fadeInLeft&quot;}\" data-widget_type=\"heading.default\">\n\t\t\t\t<div class=\"elementor-widget-container\">\n\t\t\t\t\t<h2 class=\"elementor-heading-title elementor-size-default\">Sobre nosotros<\/h2>\t\t\t\t<\/div>\n\t\t\t\t<\/div>\n\t\t\t\t<div class=\"elementor-element elementor-element-bc0d17a elementor-widget elementor-widget-text-editor\" data-id=\"bc0d17a\" data-element_type=\"widget\" data-e-type=\"widget\" data-widget_type=\"text-editor.default\">\n\t\t\t\t<div class=\"elementor-widget-container\">\n\t\t\t\t\t\t\t\t\t<p>Hab\u00eda una vez una peque\u00f1a tienda de golosinas que naci\u00f3 del sue\u00f1o y la pasi\u00f3n de una persona que quer\u00eda compartir su amor por los dulces con su comunidad. Lo que comenz\u00f3 como un humilde emprendimiento hace m\u00e1s de 20 a\u00f1os, con mucho esfuerzo y dedicaci\u00f3n, pronto se convirti\u00f3 en un rinc\u00f3n especial donde ni\u00f1os y adultos pod\u00edan encontrar sus sabores favoritos y descubrir nuevas delicias. Cada rinc\u00f3n de la tienda refleja el cari\u00f1o con el que fue creada, y su historia es un testimonio de c\u00f3mo la perseverancia y el amor por lo que se hace pueden transformar un simple sue\u00f1o en un lugar lleno de alegr\u00eda y dulzura para todos.<\/p><p>En nuestra tienda puedes disfrutar de gran variedad de golosinas, caramelos, gominolas, chicles, chocolatinas y bombones. Contamos con productos aptos para celiacos, diab\u00e9ticos y veganos. Adem\u00e1s, disponemos de frutos secos, encurtidos, snacks dulces y salados como patatas, pipas, etc. y una gran variedad de bebidas fr\u00edas y helados. Tambi\u00e9n podr\u00e1s encontrar las \u00faltimas novedades de coleccionables de cromos, juguetes de moda, peluches y mu\u00f1ecos.<\/p><p>Preparamos tartas de nubes, bolsas de cumplea\u00f1os, comuniones, Navidad y detalles para eventos especiales.<\/p>\t\t\t\t\t\t\t\t<\/div>\n\t\t\t\t<\/div>\n\t\t\t\t<\/div>\n\t\t<div class=\"elementor-element elementor-element-c0ee01f e-con-full e-flex e-con e-child\" data-id=\"c0ee01f\" data-element_type=\"container\" data-e-type=\"container\">\n\t\t\t\t<div class=\"elementor-element elementor-element-1bbee46 elementor-widget elementor-widget-image\" data-id=\"1bbee46\" data-element_type=\"widget\" data-e-type=\"widget\" data-widget_type=\"image.default\">\n\t\t\t\t<div class=\"elementor-widget-container\">\n\t\t\t\t\t\t\t\t\t\t\t\t\t\t\t<img fetchpriority=\"high\" decoding=\"async\" width=\"800\" height=\"998\" src=\"https:\/\/dulcesaxa.com\/wp-content\/uploads\/2025\/06\/TIENDA-DULCE-SAXA-821x1024.png\" class=\"attachment-large size-large wp-image-139\" alt=\"\" srcset=\"https:\/\/dulcesaxa.com\/wp-content\/uploads\/2025\/06\/TIENDA-DULCE-SAXA-821x1024.png 821w, https:\/\/dulcesaxa.com\/wp-content\/uploads\/2025\/06\/TIENDA-DULCE-SAXA-241x300.png 241w, https:\/\/dulcesaxa.com\/wp-content\/uploads\/2025\/06\/TIENDA-DULCE-SAXA-768x957.png 768w, https:\/\/dulcesaxa.com\/wp-content\/uploads\/2025\/06\/TIENDA-DULCE-SAXA-10x12.png 10w, https:\/\/dulcesaxa.com\/wp-content\/uploads\/2025\/06\/TIENDA-DULCE-SAXA.png 1147w\" sizes=\"(max-width: 800px) 100vw, 800px\" \/>\t\t\t\t\t\t\t\t\t\t\t\t\t\t\t<\/div>\n\t\t\t\t<\/div>\n\t\t\t\t<\/div>\n\t\t\t\t\t<\/div>\n\t\t\t\t<\/div>\n\t\t<div class=\"elementor-element elementor-element-5ad30df e-flex e-con-boxed e-con e-parent\" data-id=\"5ad30df\" data-element_type=\"container\" data-e-type=\"container\">\n\t\t\t\t\t<div class=\"e-con-inner\">\n\t\t\t\t<div class=\"elementor-element elementor-element-bd7ffcd elementor-widget__width-initial elementor-widget elementor-widget-heading\" data-id=\"bd7ffcd\" data-element_type=\"widget\" data-e-type=\"widget\" data-widget_type=\"heading.default\">\n\t\t\t\t<div class=\"elementor-widget-container\">\n\t\t\t\t\t<h2 class=\"elementor-heading-title elementor-size-default\">Golosinas, sonrisas y mucho m\u00e1s te esperan en Dulce SaXa.<\/h2>\t\t\t\t<\/div>\n\t\t\t\t<\/div>\n\t\t\t\t<div class=\"elementor-element elementor-element-5ac7148 elementor-align-center elementor-widget elementor-widget-button\" data-id=\"5ac7148\" data-element_type=\"widget\" data-e-type=\"widget\" data-widget_type=\"button.default\">\n\t\t\t\t<div class=\"elementor-widget-container\">\n\t\t\t\t\t\t\t\t\t<div class=\"elementor-button-wrapper\">\n\t\t\t\t\t<a class=\"elementor-button elementor-button-link elementor-size-sm\" href=\"https:\/\/dulcesaxa.com\/productos\/\">\n\t\t\t\t\t\t<span class=\"elementor-button-content-wrapper\">\n\t\t\t\t\t\t\t\t\t<span class=\"elementor-button-text\">Productos<\/span>\n\t\t\t\t\t<\/span>\n\t\t\t\t\t<\/a>\n\t\t\t\t<\/div>\n\t\t\t\t\t\t\t\t<\/div>\n\t\t\t\t<\/div>\n\t\t\t\t\t<\/div>\n\t\t\t\t<\/div>\n\t\t\t\t<\/div>\n\t\t","protected":false},"excerpt":{"rendered":"<p>Dulce SaXa amabilidad, calidad y profesionalidad Sobre nosotros Hab\u00eda una vez una peque\u00f1a tienda de golosinas que naci\u00f3 del sue\u00f1o y la pasi\u00f3n de una persona que quer\u00eda compartir su amor por los dulces con su comunidad. Lo que comenz\u00f3 como un humilde emprendimiento hace m\u00e1s de 20 a\u00f1os, con mucho esfuerzo y dedicaci\u00f3n, pronto [&hellip;]<\/p>\n","protected":false},"author":1,"featured_media":0,"parent":0,"menu_order":0,"comment_status":"closed","ping_status":"closed","template":"elementor_canvas","meta":{"footnotes":""},"class_list":["post-19","page","type-page","status-publish","hentry"],"yoast_head":"<!-- This site is optimized with the Yoast SEO plugin v27.3 - https:\/\/yoast.com\/product\/yoast-seo-wordpress\/ -->\n<title>Inicio - Dulce Saxa<\/title>\n<meta name=\"robots\" content=\"index, follow, max-snippet:-1, max-image-preview:large, max-video-preview:-1\" \/>\n<link rel=\"canonical\" href=\"https:\/\/dulcesaxa.com\/eu\/\" \/>\n<meta property=\"og:locale\" content=\"en_US\" \/>\n<meta property=\"og:type\" content=\"article\" \/>\n<meta property=\"og:title\" content=\"Inicio - Dulce Saxa\" \/>\n<meta property=\"og:description\" content=\"Dulce SaXa amabilidad, calidad y profesionalidad Sobre nosotros Hab\u00eda una vez una peque\u00f1a tienda de golosinas que naci\u00f3 del sue\u00f1o y la pasi\u00f3n de una persona que quer\u00eda compartir su amor por los dulces con su comunidad. Lo que comenz\u00f3 como un humilde emprendimiento hace m\u00e1s de 20 a\u00f1os, con mucho esfuerzo y dedicaci\u00f3n, pronto [&hellip;]\" \/>\n<meta property=\"og:url\" content=\"https:\/\/dulcesaxa.com\/eu\/\" \/>\n<meta property=\"og:site_name\" content=\"Dulce Saxa\" \/>\n<meta property=\"article:modified_time\" content=\"2025-06-23T10:21:32+00:00\" \/>\n<meta property=\"og:image\" content=\"https:\/\/dulcesaxa.com\/wp-content\/uploads\/2025\/06\/TIENDA-DULCE-SAXA-821x1024.png\" \/>\n\t<meta property=\"og:image:width\" content=\"821\" \/>\n\t<meta property=\"og:image:height\" content=\"1024\" \/>\n\t<meta property=\"og:image:type\" content=\"image\/png\" \/>\n<meta name=\"twitter:card\" content=\"summary_large_image\" \/>\n<meta name=\"twitter:label1\" content=\"Est. reading time\" \/>\n\t<meta name=\"twitter:data1\" content=\"2 minutua\" \/>\n<script type=\"application\/ld+json\" class=\"yoast-schema-graph\">{\"@context\":\"https:\\\/\\\/schema.org\",\"@graph\":[{\"@type\":\"WebPage\",\"@id\":\"https:\\\/\\\/dulcesaxa.com\\\/\",\"url\":\"https:\\\/\\\/dulcesaxa.com\\\/\",\"name\":\"Inicio - Dulce Saxa\",\"isPartOf\":{\"@id\":\"https:\\\/\\\/dulcesaxa.com\\\/#website\"},\"primaryImageOfPage\":{\"@id\":\"https:\\\/\\\/dulcesaxa.com\\\/#primaryimage\"},\"image\":{\"@id\":\"https:\\\/\\\/dulcesaxa.com\\\/#primaryimage\"},\"thumbnailUrl\":\"https:\\\/\\\/dulcesaxa.com\\\/wp-content\\\/uploads\\\/2025\\\/06\\\/TIENDA-DULCE-SAXA-821x1024.png\",\"datePublished\":\"2025-06-13T11:30:25+00:00\",\"dateModified\":\"2025-06-23T10:21:32+00:00\",\"breadcrumb\":{\"@id\":\"https:\\\/\\\/dulcesaxa.com\\\/#breadcrumb\"},\"inLanguage\":\"eu\",\"potentialAction\":[{\"@type\":\"ReadAction\",\"target\":[\"https:\\\/\\\/dulcesaxa.com\\\/\"]}]},{\"@type\":\"ImageObject\",\"inLanguage\":\"eu\",\"@id\":\"https:\\\/\\\/dulcesaxa.com\\\/#primaryimage\",\"url\":\"https:\\\/\\\/dulcesaxa.com\\\/wp-content\\\/uploads\\\/2025\\\/06\\\/TIENDA-DULCE-SAXA-821x1024.png\",\"contentUrl\":\"https:\\\/\\\/dulcesaxa.com\\\/wp-content\\\/uploads\\\/2025\\\/06\\\/TIENDA-DULCE-SAXA-821x1024.png\"},{\"@type\":\"BreadcrumbList\",\"@id\":\"https:\\\/\\\/dulcesaxa.com\\\/#breadcrumb\",\"itemListElement\":[{\"@type\":\"ListItem\",\"position\":1,\"name\":\"Portada\",\"item\":\"https:\\\/\\\/dulcesaxa.com\\\/\"},{\"@type\":\"ListItem\",\"position\":2,\"name\":\"Inicio\"}]},{\"@type\":\"WebSite\",\"@id\":\"https:\\\/\\\/dulcesaxa.com\\\/#website\",\"url\":\"https:\\\/\\\/dulcesaxa.com\\\/\",\"name\":\"Dulce Saxa\",\"description\":\"Chucher\u00eda\",\"publisher\":{\"@id\":\"https:\\\/\\\/dulcesaxa.com\\\/#organization\"},\"potentialAction\":[{\"@type\":\"SearchAction\",\"target\":{\"@type\":\"EntryPoint\",\"urlTemplate\":\"https:\\\/\\\/dulcesaxa.com\\\/?s={search_term_string}\"},\"query-input\":{\"@type\":\"PropertyValueSpecification\",\"valueRequired\":true,\"valueName\":\"search_term_string\"}}],\"inLanguage\":\"eu\"},{\"@type\":\"Organization\",\"@id\":\"https:\\\/\\\/dulcesaxa.com\\\/#organization\",\"name\":\"Dulce Saxa\",\"url\":\"https:\\\/\\\/dulcesaxa.com\\\/\",\"logo\":{\"@type\":\"ImageObject\",\"inLanguage\":\"eu\",\"@id\":\"https:\\\/\\\/dulcesaxa.com\\\/#\\\/schema\\\/logo\\\/image\\\/\",\"url\":\"https:\\\/\\\/dulcesaxa.com\\\/wp-content\\\/uploads\\\/2025\\\/06\\\/cropped-LOGOTIPO-DULCE-SAXA-2.png\",\"contentUrl\":\"https:\\\/\\\/dulcesaxa.com\\\/wp-content\\\/uploads\\\/2025\\\/06\\\/cropped-LOGOTIPO-DULCE-SAXA-2.png\",\"width\":1135,\"height\":585,\"caption\":\"Dulce Saxa\"},\"image\":{\"@id\":\"https:\\\/\\\/dulcesaxa.com\\\/#\\\/schema\\\/logo\\\/image\\\/\"}}]}<\/script>\n<!-- \/ Yoast SEO plugin. -->","yoast_head_json":{"title":"Inicio - Dulce Saxa","robots":{"index":"index","follow":"follow","max-snippet":"max-snippet:-1","max-image-preview":"max-image-preview:large","max-video-preview":"max-video-preview:-1"},"canonical":"https:\/\/dulcesaxa.com\/eu\/","og_locale":"en_US","og_type":"article","og_title":"Inicio - Dulce Saxa","og_description":"Dulce SaXa amabilidad, calidad y profesionalidad Sobre nosotros Hab\u00eda una vez una peque\u00f1a tienda de golosinas que naci\u00f3 del sue\u00f1o y la pasi\u00f3n de una persona que quer\u00eda compartir su amor por los dulces con su comunidad. Lo que comenz\u00f3 como un humilde emprendimiento hace m\u00e1s de 20 a\u00f1os, con mucho esfuerzo y dedicaci\u00f3n, pronto [&hellip;]","og_url":"https:\/\/dulcesaxa.com\/eu\/","og_site_name":"Dulce Saxa","article_modified_time":"2025-06-23T10:21:32+00:00","og_image":[{"width":821,"height":1024,"url":"https:\/\/dulcesaxa.com\/wp-content\/uploads\/2025\/06\/TIENDA-DULCE-SAXA-821x1024.png","type":"image\/png"}],"twitter_card":"summary_large_image","twitter_misc":{"Est. reading time":"2 minutua"},"schema":{"@context":"https:\/\/schema.org","@graph":[{"@type":"WebPage","@id":"https:\/\/dulcesaxa.com\/","url":"https:\/\/dulcesaxa.com\/","name":"Inicio - Dulce Saxa","isPartOf":{"@id":"https:\/\/dulcesaxa.com\/#website"},"primaryImageOfPage":{"@id":"https:\/\/dulcesaxa.com\/#primaryimage"},"image":{"@id":"https:\/\/dulcesaxa.com\/#primaryimage"},"thumbnailUrl":"https:\/\/dulcesaxa.com\/wp-content\/uploads\/2025\/06\/TIENDA-DULCE-SAXA-821x1024.png","datePublished":"2025-06-13T11:30:25+00:00","dateModified":"2025-06-23T10:21:32+00:00","breadcrumb":{"@id":"https:\/\/dulcesaxa.com\/#breadcrumb"},"inLanguage":"eu","potentialAction":[{"@type":"ReadAction","target":["https:\/\/dulcesaxa.com\/"]}]},{"@type":"ImageObject","inLanguage":"eu","@id":"https:\/\/dulcesaxa.com\/#primaryimage","url":"https:\/\/dulcesaxa.com\/wp-content\/uploads\/2025\/06\/TIENDA-DULCE-SAXA-821x1024.png","contentUrl":"https:\/\/dulcesaxa.com\/wp-content\/uploads\/2025\/06\/TIENDA-DULCE-SAXA-821x1024.png"},{"@type":"BreadcrumbList","@id":"https:\/\/dulcesaxa.com\/#breadcrumb","itemListElement":[{"@type":"ListItem","position":1,"name":"Portada","item":"https:\/\/dulcesaxa.com\/"},{"@type":"ListItem","position":2,"name":"Inicio"}]},{"@type":"WebSite","@id":"https:\/\/dulcesaxa.com\/#website","url":"https:\/\/dulcesaxa.com\/","name":"Dulce Saxa","description":"Chucher\u00eda","publisher":{"@id":"https:\/\/dulcesaxa.com\/#organization"},"potentialAction":[{"@type":"SearchAction","target":{"@type":"EntryPoint","urlTemplate":"https:\/\/dulcesaxa.com\/?s={search_term_string}"},"query-input":{"@type":"PropertyValueSpecification","valueRequired":true,"valueName":"search_term_string"}}],"inLanguage":"eu"},{"@type":"Organization","@id":"https:\/\/dulcesaxa.com\/#organization","name":"Dulce Saxa","url":"https:\/\/dulcesaxa.com\/","logo":{"@type":"ImageObject","inLanguage":"eu","@id":"https:\/\/dulcesaxa.com\/#\/schema\/logo\/image\/","url":"https:\/\/dulcesaxa.com\/wp-content\/uploads\/2025\/06\/cropped-LOGOTIPO-DULCE-SAXA-2.png","contentUrl":"https:\/\/dulcesaxa.com\/wp-content\/uploads\/2025\/06\/cropped-LOGOTIPO-DULCE-SAXA-2.png","width":1135,"height":585,"caption":"Dulce Saxa"},"image":{"@id":"https:\/\/dulcesaxa.com\/#\/schema\/logo\/image\/"}}]}},"_links":{"self":[{"href":"https:\/\/dulcesaxa.com\/eu\/wp-json\/wp\/v2\/pages\/19","targetHints":{"allow":["GET"]}}],"collection":[{"href":"https:\/\/dulcesaxa.com\/eu\/wp-json\/wp\/v2\/pages"}],"about":[{"href":"https:\/\/dulcesaxa.com\/eu\/wp-json\/wp\/v2\/types\/page"}],"author":[{"embeddable":true,"href":"https:\/\/dulcesaxa.com\/eu\/wp-json\/wp\/v2\/users\/1"}],"replies":[{"embeddable":true,"href":"https:\/\/dulcesaxa.com\/eu\/wp-json\/wp\/v2\/comments?post=19"}],"version-history":[{"count":55,"href":"https:\/\/dulcesaxa.com\/eu\/wp-json\/wp\/v2\/pages\/19\/revisions"}],"predecessor-version":[{"id":356,"href":"https:\/\/dulcesaxa.com\/eu\/wp-json\/wp\/v2\/pages\/19\/revisions\/356"}],"wp:attachment":[{"href":"https:\/\/dulcesaxa.com\/eu\/wp-json\/wp\/v2\/media?parent=19"}],"curies":[{"name":"wp","href":"https:\/\/api.w.org\/{rel}","templated":true}]}}